{"id":807,"date":"2025-02-03T21:05:20","date_gmt":"2025-02-03T21:05:20","guid":{"rendered":"https:\/\/mayathegreenstar.com\/?page_id=807"},"modified":"2025-07-25T22:46:31","modified_gmt":"2025-07-25T22:46:31","slug":"c-1-6-ml737","status":"publish","type":"page","link":"https:\/\/mayathegreenstar.com\/es\/","title":{"rendered":"Bienvenido al Universo Maya"},"content":{"rendered":"<img loading=\"lazy\" decoding=\"async\" src=\"https:\/\/mayathegreenstar.com\/wp-content\/uploads\/2025\/02\/Maya-Logo-Green-THICKS-1024x201.png\" alt=\"Maya the Green Star\" itemprop=\"image\" height=\"201\" width=\"1024\" srcset=\"https:\/\/mayathegreenstar.com\/wp-content\/uploads\/2025\/02\/Maya-Logo-Green-THICKS-1024x201.png 1024w, https:\/\/mayathegreenstar.com\/wp-content\/uploads\/2025\/02\/Maya-Logo-Green-THICKS-300x59.png 300w, https:\/\/mayathegreenstar.com\/wp-content\/uploads\/2025\/02\/Maya-Logo-Green-THICKS-768x151.png 768w, https:\/\/mayathegreenstar.com\/wp-content\/uploads\/2025\/02\/Maya-Logo-Green-THICKS-1536x302.png 1536w, https:\/\/mayathegreenstar.com\/wp-content\/uploads\/2025\/02\/Maya-Logo-Green-THICKS.png 1913w\" sizes=\"auto, (max-width: 1024px) 100vw, 1024px\" title=\"Maya Logotipo Verde (THICKS)\" onerror=\"this.style.display='none'\"  \/>\n\t\t<h2>\n\t\t\tLa Estrella Verde\n\t\t<\/h2>\n\t<a href=\"https:\/\/mayathegreenstar.com\/es\/storyline\/\" target=\"_self\" role=\"button\" aria-label=\"Leer Maya Ahora!\">\n\t\t\t\t\t\tLeer Maya Ahora!\n\t\t\t\t\t<\/a>","protected":false},"excerpt":{"rendered":"<p>La Estrella Verde \u00a1Lee Maya ahora!<\/p>","protected":false},"author":1,"featured_media":1495,"parent":0,"menu_order":0,"comment_status":"closed","ping_status":"closed","template":"","meta":{"footnotes":""},"class_list":["post-807","page","type-page","status-publish","has-post-thumbnail","hentry"],"yoast_head":"<!-- This site is optimized with the Yoast SEO plugin v27.4 - https:\/\/yoast.com\/product\/yoast-seo-wordpress\/ -->\n<title>Maya The Green Star | A Cosmic Odyssey of Art &amp; Myth<\/title>\n<meta name=\"description\" content=\"Explore a story of art, mythology, and music in Maya the Green Star. A conscious star transforms into Uman, awakening the Universe.\" \/>\n<meta name=\"robots\" content=\"index, follow, max-snippet:-1, max-image-preview:large, max-video-preview:-1\" \/>\n<link rel=\"canonical\" href=\"https:\/\/mayathegreenstar.com\/es\/\" \/>\n<meta property=\"og:locale\" content=\"es_MX\" \/>\n<meta property=\"og:type\" content=\"article\" \/>\n<meta property=\"og:title\" content=\"Maya The Green Star | A Cosmic Odyssey of Art &amp; Myth\" \/>\n<meta property=\"og:description\" content=\"Explore a story of art, mythology, and music in Maya the Green Star. A conscious star transforms into Uman, awakening the Universe.\" \/>\n<meta property=\"og:url\" content=\"https:\/\/mayathegreenstar.com\/es\/\" \/>\n<meta property=\"og:site_name\" content=\"Maya\" \/>\n<meta property=\"article:modified_time\" content=\"2025-07-25T22:46:31+00:00\" \/>\n<meta property=\"og:image\" content=\"https:\/\/mayathegreenstar.com\/wp-content\/uploads\/2025\/06\/Maya-The-Green-Star-is-Born.jpg\" \/>\n\t<meta property=\"og:image:width\" content=\"1200\" \/>\n\t<meta property=\"og:image:height\" content=\"1200\" \/>\n\t<meta property=\"og:image:type\" content=\"image\/jpeg\" \/>\n<meta name=\"twitter:card\" content=\"summary_large_image\" \/>\n<meta name=\"twitter:label1\" content=\"Tiempo de lectura\" \/>\n\t<meta name=\"twitter:data1\" content=\"1 minuto\" \/>\n<script type=\"application\/ld+json\" class=\"yoast-schema-graph\">{\"@context\":\"https:\\\/\\\/schema.org\",\"@graph\":[{\"@type\":\"WebPage\",\"@id\":\"https:\\\/\\\/mayathegreenstar.com\\\/\",\"url\":\"https:\\\/\\\/mayathegreenstar.com\\\/\",\"name\":\"Maya The Green Star | A Cosmic Odyssey of Art & Myth\",\"isPartOf\":{\"@id\":\"https:\\\/\\\/mayathegreenstar.com\\\/#website\"},\"primaryImageOfPage\":{\"@id\":\"https:\\\/\\\/mayathegreenstar.com\\\/#primaryimage\"},\"image\":{\"@id\":\"https:\\\/\\\/mayathegreenstar.com\\\/#primaryimage\"},\"thumbnailUrl\":\"https:\\\/\\\/mayathegreenstar.com\\\/wp-content\\\/uploads\\\/2025\\\/06\\\/Maya-The-Green-Star-is-Born.jpg\",\"datePublished\":\"2025-02-03T21:05:20+00:00\",\"dateModified\":\"2025-07-25T22:46:31+00:00\",\"description\":\"Explore a story of art, mythology, and music in Maya the Green Star. A conscious star transforms into Uman, awakening the Universe.\",\"breadcrumb\":{\"@id\":\"https:\\\/\\\/mayathegreenstar.com\\\/#breadcrumb\"},\"inLanguage\":\"es\",\"potentialAction\":[{\"@type\":\"ReadAction\",\"target\":[\"https:\\\/\\\/mayathegreenstar.com\\\/\"]}]},{\"@type\":\"ImageObject\",\"inLanguage\":\"es\",\"@id\":\"https:\\\/\\\/mayathegreenstar.com\\\/#primaryimage\",\"url\":\"https:\\\/\\\/mayathegreenstar.com\\\/wp-content\\\/uploads\\\/2025\\\/06\\\/Maya-The-Green-Star-is-Born.jpg\",\"contentUrl\":\"https:\\\/\\\/mayathegreenstar.com\\\/wp-content\\\/uploads\\\/2025\\\/06\\\/Maya-The-Green-Star-is-Born.jpg\",\"width\":1200,\"height\":1200,\"caption\":\"Maya The Green Star\"},{\"@type\":\"BreadcrumbList\",\"@id\":\"https:\\\/\\\/mayathegreenstar.com\\\/#breadcrumb\",\"itemListElement\":[{\"@type\":\"ListItem\",\"position\":1,\"name\":\"Home\",\"item\":\"https:\\\/\\\/mayathegreenstar.com\\\/\"},{\"@type\":\"ListItem\",\"position\":2,\"name\":\"Welcome to Maya&#8217;s Universe\"}]},{\"@type\":\"WebSite\",\"@id\":\"https:\\\/\\\/mayathegreenstar.com\\\/#website\",\"url\":\"https:\\\/\\\/mayathegreenstar.com\\\/\",\"name\":\"Maya\",\"description\":\"The Green Star\",\"potentialAction\":[{\"@type\":\"SearchAction\",\"target\":{\"@type\":\"EntryPoint\",\"urlTemplate\":\"https:\\\/\\\/mayathegreenstar.com\\\/?s={search_term_string}\"},\"query-input\":{\"@type\":\"PropertyValueSpecification\",\"valueRequired\":true,\"valueName\":\"search_term_string\"}}],\"inLanguage\":\"es\"}]}<\/script>\n<!-- \/ Yoast SEO plugin. -->","yoast_head_json":{"title":"Maya La Estrella Verde | Una odisea c\u00f3smica de arte y mito","description":"Explora una historia de arte, mitolog\u00eda y m\u00fasica en Maya, la Estrella Verde. Una estrella consciente se transforma en Uman, despertando el Universo.","robots":{"index":"index","follow":"follow","max-snippet":"max-snippet:-1","max-image-preview":"max-image-preview:large","max-video-preview":"max-video-preview:-1"},"canonical":"https:\/\/mayathegreenstar.com\/es\/","og_locale":"es_MX","og_type":"article","og_title":"Maya The Green Star | A Cosmic Odyssey of Art & Myth","og_description":"Explore a story of art, mythology, and music in Maya the Green Star. A conscious star transforms into Uman, awakening the Universe.","og_url":"https:\/\/mayathegreenstar.com\/es\/","og_site_name":"Maya","article_modified_time":"2025-07-25T22:46:31+00:00","og_image":[{"width":1200,"height":1200,"url":"https:\/\/mayathegreenstar.com\/wp-content\/uploads\/2025\/06\/Maya-The-Green-Star-is-Born.jpg","type":"image\/jpeg"}],"twitter_card":"summary_large_image","twitter_misc":{"Tiempo de lectura":"1 minuto"},"schema":{"@context":"https:\/\/schema.org","@graph":[{"@type":"WebPage","@id":"https:\/\/mayathegreenstar.com\/","url":"https:\/\/mayathegreenstar.com\/","name":"Maya La Estrella Verde | Una odisea c\u00f3smica de arte y mito","isPartOf":{"@id":"https:\/\/mayathegreenstar.com\/#website"},"primaryImageOfPage":{"@id":"https:\/\/mayathegreenstar.com\/#primaryimage"},"image":{"@id":"https:\/\/mayathegreenstar.com\/#primaryimage"},"thumbnailUrl":"https:\/\/mayathegreenstar.com\/wp-content\/uploads\/2025\/06\/Maya-The-Green-Star-is-Born.jpg","datePublished":"2025-02-03T21:05:20+00:00","dateModified":"2025-07-25T22:46:31+00:00","description":"Explora una historia de arte, mitolog\u00eda y m\u00fasica en Maya, la Estrella Verde. Una estrella consciente se transforma en Uman, despertando el Universo.","breadcrumb":{"@id":"https:\/\/mayathegreenstar.com\/#breadcrumb"},"inLanguage":"es","potentialAction":[{"@type":"ReadAction","target":["https:\/\/mayathegreenstar.com\/"]}]},{"@type":"ImageObject","inLanguage":"es","@id":"https:\/\/mayathegreenstar.com\/#primaryimage","url":"https:\/\/mayathegreenstar.com\/wp-content\/uploads\/2025\/06\/Maya-The-Green-Star-is-Born.jpg","contentUrl":"https:\/\/mayathegreenstar.com\/wp-content\/uploads\/2025\/06\/Maya-The-Green-Star-is-Born.jpg","width":1200,"height":1200,"caption":"Maya The Green Star"},{"@type":"BreadcrumbList","@id":"https:\/\/mayathegreenstar.com\/#breadcrumb","itemListElement":[{"@type":"ListItem","position":1,"name":"Home","item":"https:\/\/mayathegreenstar.com\/"},{"@type":"ListItem","position":2,"name":"Welcome to Maya&#8217;s Universe"}]},{"@type":"WebSite","@id":"https:\/\/mayathegreenstar.com\/#website","url":"https:\/\/mayathegreenstar.com\/","name":"Maya","description":"La Estrella Verde","potentialAction":[{"@type":"SearchAction","target":{"@type":"EntryPoint","urlTemplate":"https:\/\/mayathegreenstar.com\/?s={search_term_string}"},"query-input":{"@type":"PropertyValueSpecification","valueRequired":true,"valueName":"search_term_string"}}],"inLanguage":"es"}]}},"_links":{"self":[{"href":"https:\/\/mayathegreenstar.com\/es\/wp-json\/wp\/v2\/pages\/807","targetHints":{"allow":["GET"]}}],"collection":[{"href":"https:\/\/mayathegreenstar.com\/es\/wp-json\/wp\/v2\/pages"}],"about":[{"href":"https:\/\/mayathegreenstar.com\/es\/wp-json\/wp\/v2\/types\/page"}],"author":[{"embeddable":true,"href":"https:\/\/mayathegreenstar.com\/es\/wp-json\/wp\/v2\/users\/1"}],"replies":[{"embeddable":true,"href":"https:\/\/mayathegreenstar.com\/es\/wp-json\/wp\/v2\/comments?post=807"}],"version-history":[{"count":32,"href":"https:\/\/mayathegreenstar.com\/es\/wp-json\/wp\/v2\/pages\/807\/revisions"}],"predecessor-version":[{"id":1568,"href":"https:\/\/mayathegreenstar.com\/es\/wp-json\/wp\/v2\/pages\/807\/revisions\/1568"}],"wp:featuredmedia":[{"embeddable":true,"href":"https:\/\/mayathegreenstar.com\/es\/wp-json\/wp\/v2\/media\/1495"}],"wp:attachment":[{"href":"https:\/\/mayathegreenstar.com\/es\/wp-json\/wp\/v2\/media?parent=807"}],"curies":[{"name":"gracias","href":"https:\/\/api.w.org\/{rel}","templated":true}]}}