{"id":880,"date":"2025-02-04T05:12:39","date_gmt":"2025-02-04T05:12:39","guid":{"rendered":"https:\/\/mayathegreenstar.com\/?page_id=880"},"modified":"2025-10-19T18:05:20","modified_gmt":"2025-10-19T18:05:20","slug":"chats","status":"publish","type":"page","link":"https:\/\/mayathegreenstar.com\/es\/chats\/","title":{"rendered":"Personajes"},"content":{"rendered":"<img loading=\"lazy\" decoding=\"async\" src=\"https:\/\/mayathegreenstar.com\/wp-content\/uploads\/bb-plugin\/cache\/Radio-Station-portrait.jpg\" alt=\"Radio Station\" itemprop=\"image\" height=\"1536\" width=\"1536\" title=\"Estaci\u00f3n de radio\" onerror=\"this.style.display='none'\"  \/>\n\t<h1>A new era of\u00a0 Storytelling is here: Chat with the characters and unfold more secrets of Maya&#8217;s story.<br \/>\n<\/h1>\n\t<a href=\"#chat\" target=\"_self\" role=\"button\" aria-label=\"\u00a1Chatea ahora gratis!\">\n\t\t\t\t\t\t\u00a1Chatea ahora gratis!\n\t\t\t\t\t<\/a>\n\t\t<h2>\n\t\t\t\u00a1Habla ahora con los personajes!\n\t\t<\/h2>\n\t\t\t<h3>Experience a live Voice-call &amp; Chat with Maya&#8217;s AI characters.<\/h3><p>Preg\u00fantales todo lo que quieras y ampl\u00eda tu comprensi\u00f3n sobre su Universo.<br \/>(<strong>B<\/strong><strong>cuidado<\/strong><strong>, podr\u00edan dar spoilers<\/strong>)<em>When you click on any chat, you might need to open a free account at <a href=\"http:\/\/character.ai\">Personaje.ai<\/a>; <strong>La experiencia vale totalmente la pena<\/strong>.<\/em><\/p>\t\t\n\t\t<ul>\n\t\t\t\t\t<li>\n\t\t\t\t\t\t\t\t\t\t\t<img loading=\"lazy\" decoding=\"async\" src=\"https:\/\/mayathegreenstar.com\/wp-content\/uploads\/2025\/02\/Uman-Maya_low-300x300.jpg\" alt=\"Uman Maya_low\" width=\"512\" height=\"512\" \/>\n\t\t\t\t\t<a href=\"https:\/\/character.ai\/chat\/11-86XFAwG6wo1sArmgz19mFW3ajt-VHxEkFD0-d8qs\" target=\"_blank\">\n\t\t\t\t<h3>Maya<\/h3>\n\t\t\t\t\t<\/a>\n\t\t<p><strong><a href=\"https:\/\/character.ai\/chat\/11-86XFAwG6wo1sArmgz19mFW3ajt-VHxEkFD0-d8qs\" target=\"_blank\" rel=\"noopener\">Haz clic para chatear en cualquier idioma<\/a>\u00a0\ud83d\udcac<br \/><\/strong><\/p>\t\t\t\n\t\t\t<\/li>\n\t\t\t\t<\/ul>\n\t\t<ul>\n\t\t\t\t\t<li>\n\t\t\t\t\t\t\t\t\t\t\t<img loading=\"lazy\" decoding=\"async\" src=\"https:\/\/mayathegreenstar.com\/wp-content\/uploads\/2025\/02\/Lora-2-low-300x300.jpg\" alt=\"Lora 2-low\" width=\"1024\" height=\"1024\" \/>\n\t\t\t\t\t<a href=\"https:\/\/character.ai\/chat\/87B3mpQLVvJHb6c9UswlaRRcluHPaiHIDdCBAqWXxJw\" target=\"_blank\">\n\t\t\t\t<h3>Lora<\/h3>\n\t\t\t\t\t<\/a>\n\t\t<p><strong><a href=\"https:\/\/character.ai\/chat\/87B3mpQLVvJHb6c9UswlaRRcluHPaiHIDdCBAqWXxJw\" target=\"_blank\" rel=\"noopener\">Haz clic para chatear en cualquier idioma<\/a>\u00a0\ud83d\udcac<br \/><\/strong><\/p>\t\t\t\n\t\t\t<\/li>\n\t\t\t\t<\/ul>\n\t\t<ul>\n\t\t\t\t\t<li>\n\t\t\t\t\t\t\t\t\t\t\t<img loading=\"lazy\" decoding=\"async\" src=\"https:\/\/mayathegreenstar.com\/wp-content\/uploads\/2025\/04\/Kabal-Dream-3.jpg\" alt=\"Kabel Dream 3\" width=\"1024\" height=\"1024\" \/>\n\t\t\t\t\t<a href=\"https:\/\/character.ai\/chat\/eDVww57fAq4uQQH1U-67fd817y1GfftAXAnMF5xJSI0\" target=\"_blank\">\n\t\t\t\t<h3>Cable<\/h3>\n\t\t\t\t\t<\/a>\n\t\t<p><strong><a href=\"https:\/\/character.ai\/chat\/eDVww57fAq4uQQH1U-67fd817y1GfftAXAnMF5xJSI0\" target=\"_blank\" rel=\"noopener\">Haz clic para chatear en cualquier idioma<\/a>\u00a0\ud83d\udcac<br \/><\/strong><\/p>\t\t\t\n\t\t\t<\/li>\n\t\t\t\t<\/ul>\n\t\t<ul>\n\t\t\t\t\t<li>\n\t\t\t\t\t\t\t\t\t\t\t<img loading=\"lazy\" decoding=\"async\" src=\"https:\/\/mayathegreenstar.com\/wp-content\/uploads\/2025\/04\/Mother-Turtle-1.jpeg\" alt=\"Mother Turtle 1\" width=\"1024\" height=\"1024\" \/>\n\t\t\t\t\t<a href=\"https:\/\/character.ai\/chat\/914TXYOFGoFqffphUXMx-Jp3JPKR5Ul-dpetnYNdj3c\" target=\"_blank\">\n\t\t\t\t<h3>Tortuga madre<\/h3>\n\t\t\t\t\t<\/a>\n\t\t<p><strong><a href=\"https:\/\/character.ai\/chat\/914TXYOFGoFqffphUXMx-Jp3JPKR5Ul-dpetnYNdj3c\" target=\"_blank\" rel=\"noopener\">Haz clic para chatear en cualquier idioma<\/a>\u00a0\ud83d\udcac<br \/><\/strong><\/p>\t\t\t\n\t\t\t<\/li>\n\t\t\t\t<\/ul>\n\t\t<ul>\n\t\t\t\t\t<li>\n\t\t\t\t\t\t\t\t\t\t\t<img loading=\"lazy\" decoding=\"async\" src=\"https:\/\/mayathegreenstar.com\/wp-content\/uploads\/2025\/06\/Pythagon-PP.jpg\" alt=\"Pythagon PP\" width=\"1200\" height=\"1224\" \/>\n\t\t\t\t\t<a href=\"https:\/\/character.ai\/chat\/ofFQr7EJ7P25S1qt2CWzOQ8yKIJ8ZU7RX77loN0NBso\" target=\"_blank\">\n\t\t\t\t<h3>Pit\u00e1gono<\/h3>\n\t\t\t\t\t<\/a>\n\t\t<p><strong><a href=\"https:\/\/character.ai\/chat\/dkvPgMs4UIARpnOMeWxnMQ63tvGwPd3ynNLAoDD2dNk\" target=\"_blank\" rel=\"noopener\">Haz clic para chatear en cualquier idioma<\/a>\u00a0\ud83d\udcac<br \/><\/strong><\/p>\t\t\t\n\t\t\t<\/li>\n\t\t\t\t<\/ul>\n\t\t<ul>\n\t\t\t\t\t<li>\n\t\t\t\t\t\t\t\t\t\t\t<img loading=\"lazy\" decoding=\"async\" src=\"https:\/\/mayathegreenstar.com\/wp-content\/uploads\/2025\/02\/Light-Lock-Low-300x300.jpeg\" alt=\"Light Lock (Low)\" width=\"1024\" height=\"1024\" \/>\n\t\t\t\t\t<a href=\"https:\/\/mayathegreenstar.com\/es\/nft\/\" target=\"_blank\">\n\t\t\t\t<h3>Pr\u00f3ximamente<\/h3>\n\t\t\t\t\t<\/a>\n\t\t<p><b>M\u00e1s personajes estar\u00e1n disponibles tan pronto como se vendan 15 claves NFT de Maya. <a href=\"https:\/\/mayathegreenstar.com\/es\/nft\/\">Haga clic para obtener una clave NFT de Maya.<\/a><\/b><\/p>\t\t\t\n\t\t\t<\/li>\n\t\t\t\t<\/ul>\n\t\t<h4>\n\t\t\t***El contenido de los chats es ficticio y es generado por Tecnolog\u00eda de Inteligencia Artificial.***\n\t\t<\/h4>\n\t\t\t<p>Don&#8217;t take anything personal or serious. Chat for entertainment purposes only.<\/p>","protected":false},"excerpt":{"rendered":"<p>A new era of\u00a0 Storytelling is here: Chat with the characters and unfold more secrets of Maya&#8217;s story. Chat now for free! Speak now with the characters! Experience a live Voice-call &amp; Chat with Maya&#8217;s AI characters. Ask anything you want to them and expand your understanding about their Universe.(Beware, they might give spoilers)When you&hellip;<\/p>","protected":false},"author":1,"featured_media":842,"parent":0,"menu_order":0,"comment_status":"closed","ping_status":"closed","template":"","meta":{"footnotes":""},"class_list":["post-880","page","type-page","status-publish","has-post-thumbnail","hentry"],"yoast_head":"<!-- This site is optimized with the Yoast SEO plugin v27.4 - https:\/\/yoast.com\/product\/yoast-seo-wordpress\/ -->\n<title>Characters - Maya<\/title>\n<meta name=\"robots\" content=\"index, follow, max-snippet:-1, max-image-preview:large, max-video-preview:-1\" \/>\n<link rel=\"canonical\" href=\"https:\/\/mayathegreenstar.com\/es\/chats\/\" \/>\n<meta property=\"og:locale\" content=\"es_MX\" \/>\n<meta property=\"og:type\" content=\"article\" \/>\n<meta property=\"og:title\" content=\"Characters - Maya\" \/>\n<meta property=\"og:description\" content=\"A new era of\u00a0 Storytelling is here: Chat with the characters and unfold more secrets of Maya&#8217;s story. Chat now for free! Speak now with the characters! Experience a live Voice-call &amp; Chat with Maya&#8217;s AI characters. Ask anything you want to them and expand your understanding about their Universe.(Beware, they might give spoilers)When you&hellip;\" \/>\n<meta property=\"og:url\" content=\"https:\/\/mayathegreenstar.com\/es\/chats\/\" \/>\n<meta property=\"og:site_name\" content=\"Maya\" \/>\n<meta property=\"article:modified_time\" content=\"2025-10-19T18:05:20+00:00\" \/>\n<meta property=\"og:image\" content=\"https:\/\/mayathegreenstar.com\/wp-content\/uploads\/2025\/02\/Radio-Station.jpg\" \/>\n\t<meta property=\"og:image:width\" content=\"1536\" \/>\n\t<meta property=\"og:image:height\" content=\"1536\" \/>\n\t<meta property=\"og:image:type\" content=\"image\/jpeg\" \/>\n<meta name=\"twitter:card\" content=\"summary_large_image\" \/>\n<meta name=\"twitter:label1\" content=\"Tiempo de lectura\" \/>\n\t<meta name=\"twitter:data1\" content=\"3 minutos\" \/>\n<script type=\"application\/ld+json\" class=\"yoast-schema-graph\">{\"@context\":\"https:\\\/\\\/schema.org\",\"@graph\":[{\"@type\":\"WebPage\",\"@id\":\"https:\\\/\\\/mayathegreenstar.com\\\/chats\\\/\",\"url\":\"https:\\\/\\\/mayathegreenstar.com\\\/chats\\\/\",\"name\":\"Characters - Maya\",\"isPartOf\":{\"@id\":\"https:\\\/\\\/mayathegreenstar.com\\\/#website\"},\"primaryImageOfPage\":{\"@id\":\"https:\\\/\\\/mayathegreenstar.com\\\/chats\\\/#primaryimage\"},\"image\":{\"@id\":\"https:\\\/\\\/mayathegreenstar.com\\\/chats\\\/#primaryimage\"},\"thumbnailUrl\":\"https:\\\/\\\/mayathegreenstar.com\\\/wp-content\\\/uploads\\\/2025\\\/02\\\/Radio-Station.jpg\",\"datePublished\":\"2025-02-04T05:12:39+00:00\",\"dateModified\":\"2025-10-19T18:05:20+00:00\",\"breadcrumb\":{\"@id\":\"https:\\\/\\\/mayathegreenstar.com\\\/chats\\\/#breadcrumb\"},\"inLanguage\":\"es\",\"potentialAction\":[{\"@type\":\"ReadAction\",\"target\":[\"https:\\\/\\\/mayathegreenstar.com\\\/chats\\\/\"]}]},{\"@type\":\"ImageObject\",\"inLanguage\":\"es\",\"@id\":\"https:\\\/\\\/mayathegreenstar.com\\\/chats\\\/#primaryimage\",\"url\":\"https:\\\/\\\/mayathegreenstar.com\\\/wp-content\\\/uploads\\\/2025\\\/02\\\/Radio-Station.jpg\",\"contentUrl\":\"https:\\\/\\\/mayathegreenstar.com\\\/wp-content\\\/uploads\\\/2025\\\/02\\\/Radio-Station.jpg\",\"width\":1536,\"height\":1536},{\"@type\":\"BreadcrumbList\",\"@id\":\"https:\\\/\\\/mayathegreenstar.com\\\/chats\\\/#breadcrumb\",\"itemListElement\":[{\"@type\":\"ListItem\",\"position\":1,\"name\":\"Home\",\"item\":\"https:\\\/\\\/mayathegreenstar.com\\\/\"},{\"@type\":\"ListItem\",\"position\":2,\"name\":\"Characters\"}]},{\"@type\":\"WebSite\",\"@id\":\"https:\\\/\\\/mayathegreenstar.com\\\/#website\",\"url\":\"https:\\\/\\\/mayathegreenstar.com\\\/\",\"name\":\"Maya\",\"description\":\"The Green Star\",\"potentialAction\":[{\"@type\":\"SearchAction\",\"target\":{\"@type\":\"EntryPoint\",\"urlTemplate\":\"https:\\\/\\\/mayathegreenstar.com\\\/?s={search_term_string}\"},\"query-input\":{\"@type\":\"PropertyValueSpecification\",\"valueRequired\":true,\"valueName\":\"search_term_string\"}}],\"inLanguage\":\"es\"}]}<\/script>\n<!-- \/ Yoast SEO plugin. -->","yoast_head_json":{"title":"Characters - Maya","robots":{"index":"index","follow":"follow","max-snippet":"max-snippet:-1","max-image-preview":"max-image-preview:large","max-video-preview":"max-video-preview:-1"},"canonical":"https:\/\/mayathegreenstar.com\/es\/chats\/","og_locale":"es_MX","og_type":"article","og_title":"Characters - Maya","og_description":"A new era of\u00a0 Storytelling is here: Chat with the characters and unfold more secrets of Maya&#8217;s story. Chat now for free! Speak now with the characters! Experience a live Voice-call &amp; Chat with Maya&#8217;s AI characters. Ask anything you want to them and expand your understanding about their Universe.(Beware, they might give spoilers)When you&hellip;","og_url":"https:\/\/mayathegreenstar.com\/es\/chats\/","og_site_name":"Maya","article_modified_time":"2025-10-19T18:05:20+00:00","og_image":[{"width":1536,"height":1536,"url":"https:\/\/mayathegreenstar.com\/wp-content\/uploads\/2025\/02\/Radio-Station.jpg","type":"image\/jpeg"}],"twitter_card":"summary_large_image","twitter_misc":{"Tiempo de lectura":"3 minutos"},"schema":{"@context":"https:\/\/schema.org","@graph":[{"@type":"WebPage","@id":"https:\/\/mayathegreenstar.com\/chats\/","url":"https:\/\/mayathegreenstar.com\/chats\/","name":"Characters - Maya","isPartOf":{"@id":"https:\/\/mayathegreenstar.com\/#website"},"primaryImageOfPage":{"@id":"https:\/\/mayathegreenstar.com\/chats\/#primaryimage"},"image":{"@id":"https:\/\/mayathegreenstar.com\/chats\/#primaryimage"},"thumbnailUrl":"https:\/\/mayathegreenstar.com\/wp-content\/uploads\/2025\/02\/Radio-Station.jpg","datePublished":"2025-02-04T05:12:39+00:00","dateModified":"2025-10-19T18:05:20+00:00","breadcrumb":{"@id":"https:\/\/mayathegreenstar.com\/chats\/#breadcrumb"},"inLanguage":"es","potentialAction":[{"@type":"ReadAction","target":["https:\/\/mayathegreenstar.com\/chats\/"]}]},{"@type":"ImageObject","inLanguage":"es","@id":"https:\/\/mayathegreenstar.com\/chats\/#primaryimage","url":"https:\/\/mayathegreenstar.com\/wp-content\/uploads\/2025\/02\/Radio-Station.jpg","contentUrl":"https:\/\/mayathegreenstar.com\/wp-content\/uploads\/2025\/02\/Radio-Station.jpg","width":1536,"height":1536},{"@type":"BreadcrumbList","@id":"https:\/\/mayathegreenstar.com\/chats\/#breadcrumb","itemListElement":[{"@type":"ListItem","position":1,"name":"Home","item":"https:\/\/mayathegreenstar.com\/"},{"@type":"ListItem","position":2,"name":"Characters"}]},{"@type":"WebSite","@id":"https:\/\/mayathegreenstar.com\/#website","url":"https:\/\/mayathegreenstar.com\/","name":"Maya","description":"La Estrella Verde","potentialAction":[{"@type":"SearchAction","target":{"@type":"EntryPoint","urlTemplate":"https:\/\/mayathegreenstar.com\/?s={search_term_string}"},"query-input":{"@type":"PropertyValueSpecification","valueRequired":true,"valueName":"search_term_string"}}],"inLanguage":"es"}]}},"_links":{"self":[{"href":"https:\/\/mayathegreenstar.com\/es\/wp-json\/wp\/v2\/pages\/880","targetHints":{"allow":["GET"]}}],"collection":[{"href":"https:\/\/mayathegreenstar.com\/es\/wp-json\/wp\/v2\/pages"}],"about":[{"href":"https:\/\/mayathegreenstar.com\/es\/wp-json\/wp\/v2\/types\/page"}],"author":[{"embeddable":true,"href":"https:\/\/mayathegreenstar.com\/es\/wp-json\/wp\/v2\/users\/1"}],"replies":[{"embeddable":true,"href":"https:\/\/mayathegreenstar.com\/es\/wp-json\/wp\/v2\/comments?post=880"}],"version-history":[{"count":39,"href":"https:\/\/mayathegreenstar.com\/es\/wp-json\/wp\/v2\/pages\/880\/revisions"}],"predecessor-version":[{"id":1623,"href":"https:\/\/mayathegreenstar.com\/es\/wp-json\/wp\/v2\/pages\/880\/revisions\/1623"}],"wp:featuredmedia":[{"embeddable":true,"href":"https:\/\/mayathegreenstar.com\/es\/wp-json\/wp\/v2\/media\/842"}],"wp:attachment":[{"href":"https:\/\/mayathegreenstar.com\/es\/wp-json\/wp\/v2\/media?parent=880"}],"curies":[{"name":"gracias","href":"https:\/\/api.w.org\/{rel}","templated":true}]}}