{"id":937,"date":"2025-02-04T17:52:13","date_gmt":"2025-02-04T17:52:13","guid":{"rendered":"https:\/\/mayathegreenstar.com\/?page_id=937"},"modified":"2025-05-03T02:18:13","modified_gmt":"2025-05-03T02:18:13","slug":"yana","status":"publish","type":"page","link":"https:\/\/mayathegreenstar.com\/es\/storyline\/yana\/","title":{"rendered":"Parte II \u2013 Yana"},"content":{"rendered":"<h2>\n\t\t\t\t\t\t\t<a\n\t\t\t\t\thref=\"https:\/\/mayathegreenstar.com\/es\/collection\/\"\n\t\t\t\t\ttarget=\"_self\">\n\t\t\tParte II \u2013 YANA\n\t\t\t\t\t\t\t<\/a>\n\t\t<\/h2>\n\t\t\t\t\t\t\t<img decoding=\"async\" src=\"https:\/\/mayathegreenstar.com\/wp-content\/uploads\/2025\/02\/Light-Lock-Low.jpeg\" alt=\"Part II - YANA\" \/>\n\t\t\t<p><strong>Este contenido estar\u00e1 disponible una vez que se vendan 11 claves NFT Maya.<br \/><\/strong><b><a href=\"https:\/\/mayathegreenstar.com\/es\/nft\/\">\ud83d\udc49\ud83c\udffc Consigue Llaves NFT de Maya y m\u00e1s contenido gratis haciendo clic aqu\u00ed.\u2728<\/a><\/b><\/p>","protected":false},"excerpt":{"rendered":"<p>Parte II \u2013 YANA Este contenido estar\u00e1 disponible una vez que se vendan 11 claves NFT de Maya.\ud83d\udc49\ud83c\udffc Obt\u00e9n claves NFT de Maya y m\u00e1s contenido gratis haciendo clic aqu\u00ed.\u2728<\/p>","protected":false},"author":1,"featured_media":841,"parent":899,"menu_order":0,"comment_status":"closed","ping_status":"closed","template":"","meta":{"footnotes":""},"class_list":["post-937","page","type-page","status-publish","has-post-thumbnail","hentry"],"yoast_head":"<!-- This site is optimized with the Yoast SEO plugin v27.4 - https:\/\/yoast.com\/product\/yoast-seo-wordpress\/ -->\n<title>Part II - Yana - Maya<\/title>\n<meta name=\"description\" content=\"When Maya meets Yana, a new harmony begins. Together, they awaken a creative revolution, where love and purpose dare to dream beyond control.\" \/>\n<meta name=\"robots\" content=\"index, follow, max-snippet:-1, max-image-preview:large, max-video-preview:-1\" \/>\n<link rel=\"canonical\" href=\"https:\/\/mayathegreenstar.com\/es\/storyline\/yana\/\" \/>\n<meta property=\"og:locale\" content=\"es_MX\" \/>\n<meta property=\"og:type\" content=\"article\" \/>\n<meta property=\"og:title\" content=\"Part II - Yana - Maya\" \/>\n<meta property=\"og:description\" content=\"When Maya meets Yana, a new harmony begins. Together, they awaken a creative revolution, where love and purpose dare to dream beyond control.\" \/>\n<meta property=\"og:url\" content=\"https:\/\/mayathegreenstar.com\/es\/storyline\/yana\/\" \/>\n<meta property=\"og:site_name\" content=\"Maya\" \/>\n<meta property=\"article:modified_time\" content=\"2025-05-03T02:18:13+00:00\" \/>\n<meta property=\"og:image\" content=\"https:\/\/mayathegreenstar.com\/wp-content\/uploads\/2025\/02\/Maya-Visits-Mayans-1.jpg\" \/>\n\t<meta property=\"og:image:width\" content=\"1536\" \/>\n\t<meta property=\"og:image:height\" content=\"1536\" \/>\n\t<meta property=\"og:image:type\" content=\"image\/jpeg\" \/>\n<meta name=\"twitter:card\" content=\"summary_large_image\" \/>\n<meta name=\"twitter:label1\" content=\"Tiempo de lectura\" \/>\n\t<meta name=\"twitter:data1\" content=\"1 minuto\" \/>\n<script type=\"application\/ld+json\" class=\"yoast-schema-graph\">{\"@context\":\"https:\\\/\\\/schema.org\",\"@graph\":[{\"@type\":\"WebPage\",\"@id\":\"https:\\\/\\\/mayathegreenstar.com\\\/storyline\\\/yana\\\/\",\"url\":\"https:\\\/\\\/mayathegreenstar.com\\\/storyline\\\/yana\\\/\",\"name\":\"Part II - Yana - Maya\",\"isPartOf\":{\"@id\":\"https:\\\/\\\/mayathegreenstar.com\\\/#website\"},\"primaryImageOfPage\":{\"@id\":\"https:\\\/\\\/mayathegreenstar.com\\\/storyline\\\/yana\\\/#primaryimage\"},\"image\":{\"@id\":\"https:\\\/\\\/mayathegreenstar.com\\\/storyline\\\/yana\\\/#primaryimage\"},\"thumbnailUrl\":\"https:\\\/\\\/mayathegreenstar.com\\\/wp-content\\\/uploads\\\/2025\\\/02\\\/Maya-Visits-Mayans-1.jpg\",\"datePublished\":\"2025-02-04T17:52:13+00:00\",\"dateModified\":\"2025-05-03T02:18:13+00:00\",\"description\":\"When Maya meets Yana, a new harmony begins. Together, they awaken a creative revolution, where love and purpose dare to dream beyond control.\",\"breadcrumb\":{\"@id\":\"https:\\\/\\\/mayathegreenstar.com\\\/storyline\\\/yana\\\/#breadcrumb\"},\"inLanguage\":\"es\",\"potentialAction\":[{\"@type\":\"ReadAction\",\"target\":[\"https:\\\/\\\/mayathegreenstar.com\\\/storyline\\\/yana\\\/\"]}]},{\"@type\":\"ImageObject\",\"inLanguage\":\"es\",\"@id\":\"https:\\\/\\\/mayathegreenstar.com\\\/storyline\\\/yana\\\/#primaryimage\",\"url\":\"https:\\\/\\\/mayathegreenstar.com\\\/wp-content\\\/uploads\\\/2025\\\/02\\\/Maya-Visits-Mayans-1.jpg\",\"contentUrl\":\"https:\\\/\\\/mayathegreenstar.com\\\/wp-content\\\/uploads\\\/2025\\\/02\\\/Maya-Visits-Mayans-1.jpg\",\"width\":1536,\"height\":1536},{\"@type\":\"BreadcrumbList\",\"@id\":\"https:\\\/\\\/mayathegreenstar.com\\\/storyline\\\/yana\\\/#breadcrumb\",\"itemListElement\":[{\"@type\":\"ListItem\",\"position\":1,\"name\":\"Home\",\"item\":\"https:\\\/\\\/mayathegreenstar.com\\\/\"},{\"@type\":\"ListItem\",\"position\":2,\"name\":\"Storyline\",\"item\":\"https:\\\/\\\/mayathegreenstar.com\\\/storyline\\\/\"},{\"@type\":\"ListItem\",\"position\":3,\"name\":\"Part II &#8211; Yana\"}]},{\"@type\":\"WebSite\",\"@id\":\"https:\\\/\\\/mayathegreenstar.com\\\/#website\",\"url\":\"https:\\\/\\\/mayathegreenstar.com\\\/\",\"name\":\"Maya\",\"description\":\"The Green Star\",\"potentialAction\":[{\"@type\":\"SearchAction\",\"target\":{\"@type\":\"EntryPoint\",\"urlTemplate\":\"https:\\\/\\\/mayathegreenstar.com\\\/?s={search_term_string}\"},\"query-input\":{\"@type\":\"PropertyValueSpecification\",\"valueRequired\":true,\"valueName\":\"search_term_string\"}}],\"inLanguage\":\"es\"}]}<\/script>\n<!-- \/ Yoast SEO plugin. -->","yoast_head_json":{"title":"Parte II - Yana - Maya","description":"Cuando Maya conoce a Yana, surge una nueva armon\u00eda. Juntas, despiertan una revoluci\u00f3n creativa, donde el amor y el prop\u00f3sito se atreven a so\u00f1ar sin control.","robots":{"index":"index","follow":"follow","max-snippet":"max-snippet:-1","max-image-preview":"max-image-preview:large","max-video-preview":"max-video-preview:-1"},"canonical":"https:\/\/mayathegreenstar.com\/es\/storyline\/yana\/","og_locale":"es_MX","og_type":"article","og_title":"Part II - Yana - Maya","og_description":"When Maya meets Yana, a new harmony begins. Together, they awaken a creative revolution, where love and purpose dare to dream beyond control.","og_url":"https:\/\/mayathegreenstar.com\/es\/storyline\/yana\/","og_site_name":"Maya","article_modified_time":"2025-05-03T02:18:13+00:00","og_image":[{"width":1536,"height":1536,"url":"https:\/\/mayathegreenstar.com\/wp-content\/uploads\/2025\/02\/Maya-Visits-Mayans-1.jpg","type":"image\/jpeg"}],"twitter_card":"summary_large_image","twitter_misc":{"Tiempo de lectura":"1 minuto"},"schema":{"@context":"https:\/\/schema.org","@graph":[{"@type":"WebPage","@id":"https:\/\/mayathegreenstar.com\/storyline\/yana\/","url":"https:\/\/mayathegreenstar.com\/storyline\/yana\/","name":"Parte II - Yana - Maya","isPartOf":{"@id":"https:\/\/mayathegreenstar.com\/#website"},"primaryImageOfPage":{"@id":"https:\/\/mayathegreenstar.com\/storyline\/yana\/#primaryimage"},"image":{"@id":"https:\/\/mayathegreenstar.com\/storyline\/yana\/#primaryimage"},"thumbnailUrl":"https:\/\/mayathegreenstar.com\/wp-content\/uploads\/2025\/02\/Maya-Visits-Mayans-1.jpg","datePublished":"2025-02-04T17:52:13+00:00","dateModified":"2025-05-03T02:18:13+00:00","description":"Cuando Maya conoce a Yana, surge una nueva armon\u00eda. Juntas, despiertan una revoluci\u00f3n creativa, donde el amor y el prop\u00f3sito se atreven a so\u00f1ar sin control.","breadcrumb":{"@id":"https:\/\/mayathegreenstar.com\/storyline\/yana\/#breadcrumb"},"inLanguage":"es","potentialAction":[{"@type":"ReadAction","target":["https:\/\/mayathegreenstar.com\/storyline\/yana\/"]}]},{"@type":"ImageObject","inLanguage":"es","@id":"https:\/\/mayathegreenstar.com\/storyline\/yana\/#primaryimage","url":"https:\/\/mayathegreenstar.com\/wp-content\/uploads\/2025\/02\/Maya-Visits-Mayans-1.jpg","contentUrl":"https:\/\/mayathegreenstar.com\/wp-content\/uploads\/2025\/02\/Maya-Visits-Mayans-1.jpg","width":1536,"height":1536},{"@type":"BreadcrumbList","@id":"https:\/\/mayathegreenstar.com\/storyline\/yana\/#breadcrumb","itemListElement":[{"@type":"ListItem","position":1,"name":"Home","item":"https:\/\/mayathegreenstar.com\/"},{"@type":"ListItem","position":2,"name":"Storyline","item":"https:\/\/mayathegreenstar.com\/storyline\/"},{"@type":"ListItem","position":3,"name":"Part II &#8211; Yana"}]},{"@type":"WebSite","@id":"https:\/\/mayathegreenstar.com\/#website","url":"https:\/\/mayathegreenstar.com\/","name":"Maya","description":"La Estrella Verde","potentialAction":[{"@type":"SearchAction","target":{"@type":"EntryPoint","urlTemplate":"https:\/\/mayathegreenstar.com\/?s={search_term_string}"},"query-input":{"@type":"PropertyValueSpecification","valueRequired":true,"valueName":"search_term_string"}}],"inLanguage":"es"}]}},"_links":{"self":[{"href":"https:\/\/mayathegreenstar.com\/es\/wp-json\/wp\/v2\/pages\/937","targetHints":{"allow":["GET"]}}],"collection":[{"href":"https:\/\/mayathegreenstar.com\/es\/wp-json\/wp\/v2\/pages"}],"about":[{"href":"https:\/\/mayathegreenstar.com\/es\/wp-json\/wp\/v2\/types\/page"}],"author":[{"embeddable":true,"href":"https:\/\/mayathegreenstar.com\/es\/wp-json\/wp\/v2\/users\/1"}],"replies":[{"embeddable":true,"href":"https:\/\/mayathegreenstar.com\/es\/wp-json\/wp\/v2\/comments?post=937"}],"version-history":[{"count":10,"href":"https:\/\/mayathegreenstar.com\/es\/wp-json\/wp\/v2\/pages\/937\/revisions"}],"predecessor-version":[{"id":1355,"href":"https:\/\/mayathegreenstar.com\/es\/wp-json\/wp\/v2\/pages\/937\/revisions\/1355"}],"up":[{"embeddable":true,"href":"https:\/\/mayathegreenstar.com\/es\/wp-json\/wp\/v2\/pages\/899"}],"wp:featuredmedia":[{"embeddable":true,"href":"https:\/\/mayathegreenstar.com\/es\/wp-json\/wp\/v2\/media\/841"}],"wp:attachment":[{"href":"https:\/\/mayathegreenstar.com\/es\/wp-json\/wp\/v2\/media?parent=937"}],"curies":[{"name":"gracias","href":"https:\/\/api.w.org\/{rel}","templated":true}]}}